{"id":23,"date":"2026-04-07T16:54:04","date_gmt":"2026-04-07T14:54:04","guid":{"rendered":"https:\/\/www.wuermbachtaler.de\/?page_id=23"},"modified":"2026-04-07T23:33:46","modified_gmt":"2026-04-07T21:33:46","slug":"start","status":"publish","type":"page","link":"https:\/\/www.wuermbachtaler.de\/","title":{"rendered":""},"content":{"rendered":"\n<div class=\"wp-block-buttons is-layout-flex wp-block-buttons-is-layout-flex\">\n<div class=\"wp-block-button is-style-outline is-style-outline--1\"><a class=\"wp-block-button__link has-text-color has-link-color wp-element-button\" href=\"https:\/\/www.wuermbachtaler.de\/?page_id=67\" style=\"color:#f2e6c9\">Chronik<\/a><\/div>\n\n\n\n<div class=\"wp-block-button is-style-outline is-style-outline--2\"><a class=\"wp-block-button__link has-text-color has-link-color wp-element-button\" href=\"https:\/\/www.wuermbachtaler.de\/?post_type=tribe_events\" style=\"color:#f2e6c9\">Termine <\/a><\/div>\n\n\n\n<div class=\"wp-block-button is-style-outline is-style-outline--3\"><a class=\"wp-block-button__link has-text-color has-link-color wp-element-button\" style=\"color:#f2e6c9\">Mitgliederantrag <\/a><\/div>\n<\/div>\n\n\n\n<figure class=\"wp-block-image alignfull size-large\"><img loading=\"lazy\" decoding=\"async\" width=\"1024\" height=\"267\" src=\"http:\/\/www.wuermbachtaler.de\/wp-content\/uploads\/2026\/04\/Heimat-und-Trachtenverein-Wuermbachtaler-Lohhof-e.V.-1-1024x267.png\" alt=\"\" class=\"wp-image-52\" srcset=\"https:\/\/www.wuermbachtaler.de\/wp-content\/uploads\/2026\/04\/Heimat-und-Trachtenverein-Wuermbachtaler-Lohhof-e.V.-1-1024x267.png 1024w, https:\/\/www.wuermbachtaler.de\/wp-content\/uploads\/2026\/04\/Heimat-und-Trachtenverein-Wuermbachtaler-Lohhof-e.V.-1-300x78.png 300w, https:\/\/www.wuermbachtaler.de\/wp-content\/uploads\/2026\/04\/Heimat-und-Trachtenverein-Wuermbachtaler-Lohhof-e.V.-1-768x200.png 768w, https:\/\/www.wuermbachtaler.de\/wp-content\/uploads\/2026\/04\/Heimat-und-Trachtenverein-Wuermbachtaler-Lohhof-e.V.-1-1536x400.png 1536w, https:\/\/www.wuermbachtaler.de\/wp-content\/uploads\/2026\/04\/Heimat-und-Trachtenverein-Wuermbachtaler-Lohhof-e.V.-1.png 1920w\" sizes=\"auto, (max-width: 1024px) 100vw, 1024px\" \/><\/figure>\n\n\n\n<p class=\"has-text-color has-link-color wp-elements-c4b472c6bacb3773cbf8bbe6fea35d90\" style=\"color:#e8dcc3\"><\/p>\n\n\n\n<h2 class=\"wp-block-heading has-text-color has-link-color wp-elements-462e594821502c480e8ba53f872f94f5\" style=\"color:#e8dcc3\"><strong>Wir \u00fcber uns<\/strong> <\/h2>\n\n\n\n<p class=\"has-text-color has-link-color wp-elements-e441d5ea91f0a9f785844c7ee6e09b95\" style=\"color:#e8dcc3\">Der Heimat- und Trachtenverein W\u00fcrmbachtaler Lohhof e.V. m\u00f6chte die bayerischen Gebirgs- und Volkstrachten erhalten. Daher tragen die Trachtler die \u201eMiesbacher Tracht\u201c. Kinder und Jugendliche bekommen diese vom Verein gestellt.<\/p>\n\n\n\n<p class=\"has-text-color has-link-color wp-elements-3956ab31de1618efbe20be26d9014efc\" style=\"color:#f2e6c9\">Wir leben die bayerische Kultur und das bayerische Brauchtum und m\u00f6chten die Br\u00e4uche an die nachfolgenden Generationen weitergeben.<\/p>\n\n\n\n<p class=\"has-text-color has-link-color wp-elements-c997467d21defd0abaafea2a4bd9f287\" style=\"color:#e8dcc3\">Wir \u201eW\u00fcrmbachtaler\u201c veranstalten traditionelle Feste wie das Aufstellen des Lohhofer Maibaums oder das Waldfest. Au\u00dferdem sind wir bei Umz\u00fcgen, st\u00e4dtischen Veranstaltungen oder auch bei anderen Feierlichkeiten willkommen und gerne gesehen.<\/p>\n\n\n\n<figure class=\"wp-block-image size-large\"><img loading=\"lazy\" decoding=\"async\" width=\"1024\" height=\"768\" src=\"https:\/\/www.wuermbachtaler.de\/wp-content\/uploads\/2026\/04\/F222F7E4-626F-4870-95FD-795FC4E04A9D-1024x768.jpeg\" alt=\"\" class=\"wp-image-26\" srcset=\"https:\/\/www.wuermbachtaler.de\/wp-content\/uploads\/2026\/04\/F222F7E4-626F-4870-95FD-795FC4E04A9D-1024x768.jpeg 1024w, https:\/\/www.wuermbachtaler.de\/wp-content\/uploads\/2026\/04\/F222F7E4-626F-4870-95FD-795FC4E04A9D-300x225.jpeg 300w, https:\/\/www.wuermbachtaler.de\/wp-content\/uploads\/2026\/04\/F222F7E4-626F-4870-95FD-795FC4E04A9D-768x576.jpeg 768w, https:\/\/www.wuermbachtaler.de\/wp-content\/uploads\/2026\/04\/F222F7E4-626F-4870-95FD-795FC4E04A9D-1536x1152.jpeg 1536w, https:\/\/www.wuermbachtaler.de\/wp-content\/uploads\/2026\/04\/F222F7E4-626F-4870-95FD-795FC4E04A9D.jpeg 1600w\" sizes=\"auto, (max-width: 1024px) 100vw, 1024px\" \/><\/figure>\n\n\n\n<p><\/p>\n\n\n\n<p class=\"has-text-align-center has-text-color has-link-color has-large-font-size wp-elements-90d1ee028ce702d4a6fe028ea97365b3\" style=\"color:#f2e6c9\"><strong>Aktuelles Highlight<\/strong><\/p>\n\n\n\n<div class=\"wp-block-media-text is-stacked-on-mobile has-background\" style=\"background-color:#728cb2;grid-template-columns:61% auto\"><figure class=\"wp-block-media-text__media\"><img loading=\"lazy\" decoding=\"async\" width=\"1024\" height=\"768\" src=\"https:\/\/www.wuermbachtaler.de\/wp-content\/uploads\/2026\/04\/E7922AB4-76D1-439F-B057-5A12F87F283C-2-1024x768.jpeg\" alt=\"\" class=\"wp-image-150 size-full\" srcset=\"https:\/\/www.wuermbachtaler.de\/wp-content\/uploads\/2026\/04\/E7922AB4-76D1-439F-B057-5A12F87F283C-2-1024x768.jpeg 1024w, https:\/\/www.wuermbachtaler.de\/wp-content\/uploads\/2026\/04\/E7922AB4-76D1-439F-B057-5A12F87F283C-2-300x225.jpeg 300w, https:\/\/www.wuermbachtaler.de\/wp-content\/uploads\/2026\/04\/E7922AB4-76D1-439F-B057-5A12F87F283C-2-768x576.jpeg 768w, https:\/\/www.wuermbachtaler.de\/wp-content\/uploads\/2026\/04\/E7922AB4-76D1-439F-B057-5A12F87F283C-2-1536x1152.jpeg 1536w, https:\/\/www.wuermbachtaler.de\/wp-content\/uploads\/2026\/04\/E7922AB4-76D1-439F-B057-5A12F87F283C-2.jpeg 2048w\" sizes=\"auto, (max-width: 1024px) 100vw, 1024px\" \/><\/figure><div class=\"wp-block-media-text__content\">\n<p class=\"has-text-align-center has-small-font-size\"><strong>\ud83c\udf89 90.\ud83c\udf89<br>Jubil\u00e4um &amp; Maifeier<\/strong> <\/p>\n\n\n\n<p class=\"has-text-align-center\"><strong>1<\/strong>. <strong>Mai 2026<br>Mehrzweckhalle<\/strong><\/p>\n<\/div><\/div>\n","protected":false},"excerpt":{"rendered":"<p>Wir \u00fcber uns Der Heimat- und Trachtenverein W\u00fcrmbachtaler Lohhof e.V. m\u00f6chte die bayerischen Gebirgs- und Volkstrachten erhalten. Daher tragen die Trachtler die \u201eMiesbacher Tracht\u201c. Kinder und Jugendliche bekommen diese vom [&hellip;]<\/p>\n","protected":false},"author":1,"featured_media":0,"parent":0,"menu_order":0,"comment_status":"closed","ping_status":"closed","template":"","meta":{"_EventAllDay":false,"_EventTimezone":"","_EventStartDate":"","_EventEndDate":"","_EventStartDateUTC":"","_EventEndDateUTC":"","_EventShowMap":false,"_EventShowMapLink":false,"_EventURL":"","_EventCost":"","_EventCostDescription":"","_EventCurrencySymbol":"","_EventCurrencyCode":"","_EventCurrencyPosition":"","_EventDateTimeSeparator":"","_EventTimeRangeSeparator":"","_EventOrganizerID":[],"_EventVenueID":[],"_OrganizerEmail":"","_OrganizerPhone":"","_OrganizerWebsite":"","_VenueAddress":"","_VenueCity":"","_VenueCountry":"","_VenueProvince":"","_VenueState":"","_VenueZip":"","_VenuePhone":"","_VenueURL":"","_VenueStateProvince":"","_VenueLat":"","_VenueLng":"","_VenueShowMap":false,"_VenueShowMapLink":false,"footnotes":""},"class_list":["post-23","page","type-page","status-publish","hentry"],"_links":{"self":[{"href":"https:\/\/www.wuermbachtaler.de\/index.php?rest_route=\/wp\/v2\/pages\/23","targetHints":{"allow":["GET"]}}],"collection":[{"href":"https:\/\/www.wuermbachtaler.de\/index.php?rest_route=\/wp\/v2\/pages"}],"about":[{"href":"https:\/\/www.wuermbachtaler.de\/index.php?rest_route=\/wp\/v2\/types\/page"}],"author":[{"embeddable":true,"href":"https:\/\/www.wuermbachtaler.de\/index.php?rest_route=\/wp\/v2\/users\/1"}],"replies":[{"embeddable":true,"href":"https:\/\/www.wuermbachtaler.de\/index.php?rest_route=%2Fwp%2Fv2%2Fcomments&post=23"}],"version-history":[{"count":14,"href":"https:\/\/www.wuermbachtaler.de\/index.php?rest_route=\/wp\/v2\/pages\/23\/revisions"}],"predecessor-version":[{"id":153,"href":"https:\/\/www.wuermbachtaler.de\/index.php?rest_route=\/wp\/v2\/pages\/23\/revisions\/153"}],"wp:attachment":[{"href":"https:\/\/www.wuermbachtaler.de\/index.php?rest_route=%2Fwp%2Fv2%2Fmedia&parent=23"}],"curies":[{"name":"wp","href":"https:\/\/api.w.org\/{rel}","templated":true}]}}